{"id":3454,"date":"2024-02-21T17:38:30","date_gmt":"2024-02-21T16:38:30","guid":{"rendered":"https:\/\/tangramlegal.com\/politica-de-cookies\/"},"modified":"2024-03-15T11:39:56","modified_gmt":"2024-03-15T10:39:56","slug":"cookies-policy","status":"publish","type":"page","link":"https:\/\/tangramlegal.com\/en\/cookies-policy\/","title":{"rendered":"Cookies policy"},"content":{"rendered":"\t\t<div data-elementor-type=\"wp-page\" data-elementor-id=\"3454\" class=\"elementor elementor-3454 elementor-1919\" data-elementor-post-type=\"page\">\n\t\t\t\t\t\t<section class=\"elementor-section elementor-top-section elementor-element elementor-element-3537ef41 elementor-section-boxed elementor-section-height-default elementor-section-height-default sc_fly_static\" data-id=\"3537ef41\" data-element_type=\"section\" data-e-type=\"section\">\n\t\t\t\t\t\t<div class=\"elementor-container elementor-column-gap-extended\">\n\t\t\t\t\t<div class=\"elementor-column elementor-col-100 elementor-top-column elementor-element elementor-element-7ff24368 sc_inner_width_none sc_content_align_inherit sc_layouts_column_icons_position_left sc_fly_static\" data-id=\"7ff24368\" data-element_type=\"column\" data-e-type=\"column\">\n\t\t\t<div class=\"elementor-widget-wrap elementor-element-populated\">\n\t\t\t\t\t\t<div class=\"elementor-element elementor-element-173727d sc_fly_static elementor-widget elementor-widget-heading\" data-id=\"173727d\" data-element_type=\"widget\" data-e-type=\"widget\" data-widget_type=\"heading.default\">\n\t\t\t\t<div class=\"elementor-widget-container\">\n\t\t\t\t\t<h2 class=\"elementor-heading-title elementor-size-default\">Cookies policy\n<\/h2>\t\t\t\t<\/div>\n\t\t\t\t<\/div>\n\t\t\t\t<div class=\"elementor-element elementor-element-a378b93 sc_fly_static elementor-widget elementor-widget-spacer\" data-id=\"a378b93\" data-element_type=\"widget\" data-e-type=\"widget\" data-widget_type=\"spacer.default\">\n\t\t\t\t<div class=\"elementor-widget-container\">\n\t\t\t\t\t\t\t<div class=\"elementor-spacer\">\n\t\t\t<div class=\"elementor-spacer-inner\"><\/div>\n\t\t<\/div>\n\t\t\t\t\t\t<\/div>\n\t\t\t\t<\/div>\n\t\t\t\t<div class=\"elementor-element elementor-element-2faaefd elementor-widget__width-initial sc_fly_static elementor-widget elementor-widget-text-editor\" data-id=\"2faaefd\" data-element_type=\"widget\" data-e-type=\"widget\" data-widget_type=\"text-editor.default\">\n\t\t\t\t<div class=\"elementor-widget-container\">\n\t\t\t\t\t\t\t\t\t<h4>INFORMATION ABOUT COOKIES<\/h4><p>Due to the entry into force of the relevant modification of the &#8220;Information Society Services Law&#8221; (LSSICE) established by Royal Decree 13\/2012, it is mandatory to obtain the express consent of the user of all web pages that They use dispensable <em>cookies<\/em>before you browse them.<\/p><h4>WHAT ARE COOKIES?<\/h4><p>Cookies and other similar technologies such as local shared objects, flash cookies or pixels are tools used by Web servers to store and retrieve information about their visitors, as well as to offer proper functioning of the site.<\/p><p>Through the use of these devices, the Web server is allowed to remember some data concerning the user, such as their preferences for viewing the pages of that server, name and password, products that interest them most, etc.<\/p><h4>COOKIES AFFECTED BY THE REGULATIONS AND EXCEPTED COOKIES<\/h4><p>According to the EU directive, the <em>cookies <\/em>that require informed consent from the user are the <em>analytics<\/em>cookies and advertising and affiliation cookies, with the exception of those of a technical nature. and those necessary for the operation of the website or the provision of services expressly requested by the user.<\/p><h4>TYPES OF COOKIES<\/h4><p><strong>According to the PURPOSE<\/strong><\/p><p><strong>Technical and functional cookies<\/strong>: These are those that allow the user to navigate through a web page, platform or application and use the different options or services that exist there<em>.<\/em><\/p><p>Analytical cookies: these are those that allow the person responsible for them to monitor and analyze the behavior of the users of the websites to which they are linked. The information collected through this type of cookies is used to measure the activity of the websites, applications or platforms and to create browsing profiles of the users of said sites, applications and platforms. in order to introduce improvements based on the analysis of usage data made by users of the service.<\/p><p>Advertising cookies:are those that allow the management, in the most efficient way possible, of the advertising spaces that, where appropriate, the editor has included in a web page, application or platform from which it provides the service requested based on criteria such as the edited content or the frequency with which the ads are displayed.<\/p><p>Behavioral advertising cookies: they collect information about the user&#8217;s personal preferences and choices (retargeting) to allow the management, in the most efficient way possible, of the advertising spaces that, If applicable, the editor has included it on a web page, application or platform from which it provides the requested service.<\/p><p>Social Cookies: These are set by social media platforms on the Services to allow you to share content with your friends and networks. Social media platforms have the ability to track your online activity outside of the Services. This may affect the content and messages you see on other services you visit. Affiliate cookies: allow you to track visits from other websites, with which the website establishes an affiliation contract (affiliate companies).<\/p><p>Security cookies: they store encrypted information to prevent the data stored in them from being vulnerable to malicious attacks from third parties.<\/p><h4>According to the property<\/h4><p><strong>Own Cookies<\/strong>: These are those that are sent to the user&#8217;s terminal equipment from a computer or domain managed by the editor itself and from which the service requested by the user is provided.<\/p><p>Third-party cookies:are those that are sent to the user&#8217;s terminal equipment from a computer or domain that is not managed by the publisher, but by another entity that processes the data obtained through cookies.<\/p><h4>ACORDING TO THE CONSERVATION PERIOD<\/h4><p>Session cookies: These are a type of cookie designed to collect and store data while the user accesses a web page.<\/p><p><strong>Persistent cookies<\/strong> are a type of cookie in which the data continues to be stored in the terminal and can be accessed and processed for a period defined by the person responsible for the <em>cookie<\/em>, and which can range from a few minutes to several years.<\/p><h4>PROCESSING OF PERSONAL DATA<\/h4><p><strong>SARA MIRABETE PIZARRO <\/strong>is the <strong>Responsible for processing <\/strong>the personal data of the <strong>Interested Party<\/strong> and informs you that these data will be processed in accordance with the provisions of Regulation (EU) 2016\/679, of April 27, 2016 (GDPR), therefore the following treatment information is provided:<\/p><ul><li><strong>Purposes of processing:\u00a0<\/strong>as specified in the section of <em>cookies<\/em>used on this website.<\/li><li><strong>Legitimacy of processing<\/strong>: by consent of the interested party (art. 6.1 GDPR).<\/li><li><strong>Data conservation criteria<\/strong>: as specified in the section on <em>cookies <\/em>used on the website.<\/li><li><strong>Communication of data<\/strong>: data will not be communicated to third parties, except in cookies owned by third parties or by legal obligation.<\/li><\/ul><h4>Rights that assist the Interested Party:<\/h4><ul><li>Right to withdraw consent at any time<\/li><li>Right of access, rectification, portability and deletion of your data, and limitation or opposition to your<\/li><li>Right to file a claim with the Control Authority (www.aepd.es) if you consider that the treatment does not comply with the regulations<\/li><\/ul><h4>Contact information to exercise your rights:<\/h4><p><strong>SARA MIRABETE PIZARRO (TANGRAM LEGAL)<\/strong> Calle Valencia 359, 4-1. CP 08009 Barcelona<br \/>Email: <a href=\"mailto:hola@tangramlegal.com\">hola@tangramlegal.com<\/a><\/p><h4>COOKIES USED ON THIS WEBSITE<\/h4><table style=\"height: 480px;\" width=\"900\"><tbody><tr><td width=\"122\"><strong>Property<\/strong><\/td><td width=\"109\"><strong>Cookie<\/strong><\/td><td width=\"314\"><strong>Purpose<\/strong><\/td><td width=\"96\"><strong>Deadline<\/strong><\/td><\/tr><tr><td width=\"122\">google.com<\/td><td width=\"109\"><strong>CONSENT<\/strong><\/td><td width=\"314\">Google Cookie Consent Tracker<\/td><td width=\"96\">in 17 years<\/td><\/tr><tr><td width=\"122\">google.com<\/td><td width=\"109\"><strong>OGPC<\/strong><\/td><td width=\"314\">Cookie necessary to use the options and services of the website<\/td><td width=\"96\">in 2 months<\/td><\/tr><tr><td width=\"122\"><p>\u00a0<\/p><p>google.com<\/p><\/td><td width=\"109\"><p>\u00a0<\/p><p><strong>SEARCH_SAMESI TE<\/strong><\/p><\/td><td width=\"314\">SameSite prevents the browser from sending this cookie along with cross-site requests. The main objective is to mitigate the risk of cross-origin information leakage. It also provides some protection against cross-site request forgery attacks.<\/td><td width=\"96\"><p>\u00a0<\/p><p>in 5 months<\/p><\/td><\/tr><\/tbody><\/table><p>\u00a0<\/p><table style=\"height: 480px;\" width=\"900\"><tbody><tr><td width=\"122\"><strong>Property<\/strong><\/td><td width=\"109\"><strong>Cookie<\/strong><\/td><td width=\"314\"><strong>Purpose<\/strong><\/td><td width=\"96\"><strong>Deadline<\/strong><\/td><\/tr><tr><td width=\"122\"><p>\u00a0<\/p><p>google.com<\/p><\/td><td width=\"109\"><p>\u00a0<\/p><p><strong>1P_JAR<\/strong><\/p><\/td><td width=\"314\">These cookies are set by embedded YouTube videos. They record anonymous statistical data on, for example, how many times the video is played and the settings used for playback.<\/td><td width=\"96\"><p>\u00a0<\/p><p>in a month<\/p><\/td><\/tr><tr><td width=\"122\">google.com<\/td><td width=\"109\"><strong>NID<\/strong><\/td><td width=\"314\">These cookies are used to collect website statistics and track conversion rates and Google ad personalization<\/td><td width=\"96\">in 7 months<\/td><\/tr><\/tbody><\/table><p>Third party services are beyond the control of the publisher. Suppliers can modify their conditions of service, purpose and use of cookies, etc. at any time.<\/p><h4>External providers of this website:<\/h4><table style=\"height: 60px;\" width=\"900\"><tbody><tr><td width=\"123\"><strong>Editor<\/strong><\/td><td width=\"519\"><strong>Privacy policy<\/strong><\/td><\/tr><tr><td width=\"123\">Google<\/td><td width=\"519\"><a href=\"https:\/\/privacy.google.com\/take-control.html\">https:\/\/privacy.google.com\/take-control.html<\/a>&lt; \/td&gt;<\/td><\/tr><\/tbody><\/table><p>From this panel you can configure the cookies that the website can install in your browser, except for technical or functional cookies that are necessary for navigation and the use of the different options or services offered.<\/p><table style=\"height: 480px;\" width=\"900\"><tbody><tr><td colspan=\"3\" width=\"641\"><strong>HOW TO MANAGE COOKIES FROM THE BROWSER<\/strong><\/td><\/tr><tr><td colspan=\"2\" width=\"192\"><strong>Delete cookies from the device<\/strong><\/td><td width=\"449\"><p>Cookies already on a device can be deleted by clearing the browser history, which deletes cookies from all websites visited.<\/p><p>However, some saved information (for example, login data or website preferences) may also be lost.<\/p><\/td><\/tr><tr><td colspan=\"2\" width=\"192\"><strong>Manage site-specific cookies<\/strong><\/td><td width=\"449\">To have more precise control over site-specific cookies, users can adjust their privacy and cookie settings in the browser.<\/td><\/tr><tr><td colspan=\"2\" width=\"192\"><strong>Block cookies<\/strong><\/td><td width=\"449\">Although most modern browsers can be configured to prevent cookies from being placed on devices, this may require you to manually adjust certain preferences each time you visit a site or page. Additionally, some services and features may not work correctly (for example, profile logins).<\/td><\/tr><tr><td colspan=\"3\" width=\"641\"><strong>HOW TO DELETE COOKIES FROM THE MOST COMMON BROWSERS<\/strong><\/td><\/tr><tr><td width=\"186\"><strong>Chrome<\/strong><\/td><td colspan=\"2\" width=\"455\"><a href=\"http:\/\/support.google.com\/chrome\/answer\/95647?hl=es\">http:\/\/support.google.com\/chrome \/answer\/95647?hl=en<\/a><\/td><\/tr><tr><td width=\"186\"><strong>Internet Explorer. Version 11<\/strong><\/td><td colspan=\"2\" width=\"455\"><a href=\"https:\/\/support.microsoft.com\/es-es\/help\/278835\/how-to-delete-cookie-files-in-internet- explorer\">https:\/\/support.microsoft.com\/es-es\/help\/278835\/how-to-delete-cookie-files-in-internet-explorer<\/a><\/td><\/tr><tr><td width=\"186\"><strong>Firefox. Version 65.0.1<\/strong><\/td><td colspan=\"2\" width=\"455\"><a href=\"https:\/\/www.mozilla.org\/es-ES\/privacy\/websites\/#cookies\">https:\/\/www.mozilla.org\/ en-ES\/privacy\/websites\/#cookies<\/a><\/td><\/tr><tr><td width=\"186\"><strong>Safari Version 5.1<\/strong><\/td><td colspan=\"2\" width=\"455\"><a href=\"https:\/\/support.apple.com\/es-es\/guide\/safari\/sfri11471\/mac\">https:\/\/support.apple.com \/es-es\/guide\/safari\/sfri11471\/mac<\/a><\/td><\/tr><tr><td width=\"186\"><strong>Opera<\/strong><\/td><td colspan=\"2\" width=\"455\"><a href=\"https:\/\/help.opera.com\/en\/latest\/security-and-privacy\/#clearBrowsingData\">https:\/\/help.opera. com\/en\/latest\/security-and-privacy\/#clearBrowsingData<\/a><\/td><\/tr><tr><td width=\"186\">\u00a0<\/td><td width=\"6\">\u00a0<\/td><td width=\"449\">\u00a0<\/td><\/tr><\/tbody><\/table>\t\t\t\t\t\t\t\t<\/div>\n\t\t\t\t<\/div>\n\t\t\t\t<div class=\"elementor-element elementor-element-6e554a6 sc_fly_static elementor-widget elementor-widget-text-editor\" data-id=\"6e554a6\" data-element_type=\"widget\" data-e-type=\"widget\" data-widget_type=\"text-editor.default\">\n\t\t\t\t<div class=\"elementor-widget-container\">\n\t\t\t\t\t\t\t\t\t<p><em>\u00daltima revisi\u00f3n: Febrero 2024<\/em><\/p>\t\t\t\t\t\t\t\t<\/div>\n\t\t\t\t<\/div>\n\t\t\t\t\t<\/div>\n\t\t<\/div>\n\t\t\t\t\t<\/div>\n\t\t<\/section>\n\t\t\t\t<section class=\"elementor-section elementor-top-section elementor-element elementor-element-ff1767d elementor-section-boxed elementor-section-height-default elementor-section-height-default sc_fly_static\" data-id=\"ff1767d\" data-element_type=\"section\" data-e-type=\"section\">\n\t\t\t\t\t\t<div class=\"elementor-container elementor-column-gap-extended\">\n\t\t\t\t\t<div class=\"elementor-column elementor-col-100 elementor-top-column elementor-element elementor-element-4223c93 sc_inner_width_none sc_content_align_inherit sc_layouts_column_icons_position_left sc_fly_static\" data-id=\"4223c93\" data-element_type=\"column\" data-e-type=\"column\">\n\t\t\t<div class=\"elementor-widget-wrap\">\n\t\t\t\t\t\t\t<\/div>\n\t\t<\/div>\n\t\t\t\t\t<\/div>\n\t\t<\/section>\n\t\t\t\t<\/div>\n\t\t","protected":false},"excerpt":{"rendered":"<p>Cookies policy INFORMATION ABOUT COOKIES Due to the entry into force of the relevant modification of the &#8220;Information Society Services Law&#8221; (LSSICE) established by Royal Decree 13\/2012, it is mandatory&hellip;<\/p>\n","protected":false},"author":1,"featured_media":0,"parent":0,"menu_order":0,"comment_status":"closed","ping_status":"closed","template":"","meta":{"footnotes":""},"class_list":["post-3454","page","type-page","status-publish","hentry"],"yoast_head":"<!-- This site is optimized with the Yoast SEO plugin v27.4 - https:\/\/yoast.com\/product\/yoast-seo-wordpress\/ -->\n<title>Cookies policy - Tangram Legal \u2013 Asesor\u00eda legal para emprendedores y startups<\/title>\n<meta name=\"robots\" content=\"index, follow, max-snippet:-1, max-image-preview:large, max-video-preview:-1\" \/>\n<link rel=\"canonical\" href=\"https:\/\/tangramlegal.com\/en\/cookies-policy\/\" \/>\n<meta property=\"og:locale\" content=\"en_US\" \/>\n<meta property=\"og:type\" content=\"article\" \/>\n<meta property=\"og:title\" content=\"Cookies policy - Tangram Legal \u2013 Asesor\u00eda legal para emprendedores y startups\" \/>\n<meta property=\"og:description\" content=\"Cookies policy INFORMATION ABOUT COOKIES Due to the entry into force of the relevant modification of the &#8220;Information Society Services Law&#8221; (LSSICE) established by Royal Decree 13\/2012, it is mandatory&hellip;\" \/>\n<meta property=\"og:url\" content=\"https:\/\/tangramlegal.com\/en\/cookies-policy\/\" \/>\n<meta property=\"og:site_name\" content=\"Tangram Legal \u2013 Asesor\u00eda legal para emprendedores y startups\" \/>\n<meta property=\"article:modified_time\" content=\"2024-03-15T10:39:56+00:00\" \/>\n<meta property=\"og:image\" content=\"https:\/\/tangramlegal.com\/wp-content\/uploads\/2024\/02\/logo.png\" \/>\n\t<meta property=\"og:image:width\" content=\"323\" \/>\n\t<meta property=\"og:image:height\" content=\"157\" \/>\n\t<meta property=\"og:image:type\" content=\"image\/png\" \/>\n<meta name=\"twitter:card\" content=\"summary_large_image\" \/>\n<meta name=\"twitter:site\" content=\"@TangramLegal\" \/>\n<meta name=\"twitter:label1\" content=\"Est. reading time\" \/>\n\t<meta name=\"twitter:data1\" content=\"6 minutes\" \/>\n<script type=\"application\/ld+json\" class=\"yoast-schema-graph\">{\"@context\":\"https:\\\/\\\/schema.org\",\"@graph\":[{\"@type\":\"WebPage\",\"@id\":\"https:\\\/\\\/tangramlegal.com\\\/en\\\/cookies-policy\\\/\",\"url\":\"https:\\\/\\\/tangramlegal.com\\\/en\\\/cookies-policy\\\/\",\"name\":\"Cookies policy - Tangram Legal \u2013 Asesor\u00eda legal para emprendedores y startups\",\"isPartOf\":{\"@id\":\"https:\\\/\\\/tangramlegal.com\\\/#website\"},\"datePublished\":\"2024-02-21T16:38:30+00:00\",\"dateModified\":\"2024-03-15T10:39:56+00:00\",\"breadcrumb\":{\"@id\":\"https:\\\/\\\/tangramlegal.com\\\/en\\\/cookies-policy\\\/#breadcrumb\"},\"inLanguage\":\"en-US\",\"potentialAction\":[{\"@type\":\"ReadAction\",\"target\":[\"https:\\\/\\\/tangramlegal.com\\\/en\\\/cookies-policy\\\/\"]}]},{\"@type\":\"BreadcrumbList\",\"@id\":\"https:\\\/\\\/tangramlegal.com\\\/en\\\/cookies-policy\\\/#breadcrumb\",\"itemListElement\":[{\"@type\":\"ListItem\",\"position\":1,\"name\":\"Portada\",\"item\":\"https:\\\/\\\/tangramlegal.com\\\/en\\\/\"},{\"@type\":\"ListItem\",\"position\":2,\"name\":\"Cookies policy\"}]},{\"@type\":\"WebSite\",\"@id\":\"https:\\\/\\\/tangramlegal.com\\\/#website\",\"url\":\"https:\\\/\\\/tangramlegal.com\\\/\",\"name\":\"Tangram Legal \u2013 Asesor\u00eda legal, abogados para emprendedores y startups\",\"description\":\"Asesor\u00eda legal especializada en emprendedores y startups. Nos encargamos de tus necesidades jur\u00eddicas.\",\"publisher\":{\"@id\":\"https:\\\/\\\/tangramlegal.com\\\/#organization\"},\"alternateName\":\"Abogados para Startups\",\"potentialAction\":[{\"@type\":\"SearchAction\",\"target\":{\"@type\":\"EntryPoint\",\"urlTemplate\":\"https:\\\/\\\/tangramlegal.com\\\/?s={search_term_string}\"},\"query-input\":{\"@type\":\"PropertyValueSpecification\",\"valueRequired\":true,\"valueName\":\"search_term_string\"}}],\"inLanguage\":\"en-US\"},{\"@type\":\"Organization\",\"@id\":\"https:\\\/\\\/tangramlegal.com\\\/#organization\",\"name\":\"Tangram Legal \u2013 Asesor\u00eda legal para emprendedores y start-ups\",\"url\":\"https:\\\/\\\/tangramlegal.com\\\/\",\"logo\":{\"@type\":\"ImageObject\",\"inLanguage\":\"en-US\",\"@id\":\"https:\\\/\\\/tangramlegal.com\\\/#\\\/schema\\\/logo\\\/image\\\/\",\"url\":\"https:\\\/\\\/tangramlegal.com\\\/wp-content\\\/uploads\\\/2024\\\/02\\\/logo.png\",\"contentUrl\":\"https:\\\/\\\/tangramlegal.com\\\/wp-content\\\/uploads\\\/2024\\\/02\\\/logo.png\",\"width\":323,\"height\":157,\"caption\":\"Tangram Legal \u2013 Asesor\u00eda legal para emprendedores y start-ups\"},\"image\":{\"@id\":\"https:\\\/\\\/tangramlegal.com\\\/#\\\/schema\\\/logo\\\/image\\\/\"},\"sameAs\":[\"https:\\\/\\\/x.com\\\/TangramLegal\",\"https:\\\/\\\/www.linkedin.com\\\/company\\\/tangram-legal\\\/\"]}]}<\/script>\n<!-- \/ Yoast SEO plugin. -->","yoast_head_json":{"title":"Cookies policy - Tangram Legal \u2013 Asesor\u00eda legal para emprendedores y startups","robots":{"index":"index","follow":"follow","max-snippet":"max-snippet:-1","max-image-preview":"max-image-preview:large","max-video-preview":"max-video-preview:-1"},"canonical":"https:\/\/tangramlegal.com\/en\/cookies-policy\/","og_locale":"en_US","og_type":"article","og_title":"Cookies policy - Tangram Legal \u2013 Asesor\u00eda legal para emprendedores y startups","og_description":"Cookies policy INFORMATION ABOUT COOKIES Due to the entry into force of the relevant modification of the &#8220;Information Society Services Law&#8221; (LSSICE) established by Royal Decree 13\/2012, it is mandatory&hellip;","og_url":"https:\/\/tangramlegal.com\/en\/cookies-policy\/","og_site_name":"Tangram Legal \u2013 Asesor\u00eda legal para emprendedores y startups","article_modified_time":"2024-03-15T10:39:56+00:00","og_image":[{"width":323,"height":157,"url":"https:\/\/tangramlegal.com\/wp-content\/uploads\/2024\/02\/logo.png","type":"image\/png"}],"twitter_card":"summary_large_image","twitter_site":"@TangramLegal","twitter_misc":{"Est. reading time":"6 minutes"},"schema":{"@context":"https:\/\/schema.org","@graph":[{"@type":"WebPage","@id":"https:\/\/tangramlegal.com\/en\/cookies-policy\/","url":"https:\/\/tangramlegal.com\/en\/cookies-policy\/","name":"Cookies policy - Tangram Legal \u2013 Asesor\u00eda legal para emprendedores y startups","isPartOf":{"@id":"https:\/\/tangramlegal.com\/#website"},"datePublished":"2024-02-21T16:38:30+00:00","dateModified":"2024-03-15T10:39:56+00:00","breadcrumb":{"@id":"https:\/\/tangramlegal.com\/en\/cookies-policy\/#breadcrumb"},"inLanguage":"en-US","potentialAction":[{"@type":"ReadAction","target":["https:\/\/tangramlegal.com\/en\/cookies-policy\/"]}]},{"@type":"BreadcrumbList","@id":"https:\/\/tangramlegal.com\/en\/cookies-policy\/#breadcrumb","itemListElement":[{"@type":"ListItem","position":1,"name":"Portada","item":"https:\/\/tangramlegal.com\/en\/"},{"@type":"ListItem","position":2,"name":"Cookies policy"}]},{"@type":"WebSite","@id":"https:\/\/tangramlegal.com\/#website","url":"https:\/\/tangramlegal.com\/","name":"Tangram Legal \u2013 Asesor\u00eda legal, abogados para emprendedores y startups","description":"Asesor\u00eda legal especializada en emprendedores y startups. Nos encargamos de tus necesidades jur\u00eddicas.","publisher":{"@id":"https:\/\/tangramlegal.com\/#organization"},"alternateName":"Abogados para Startups","potentialAction":[{"@type":"SearchAction","target":{"@type":"EntryPoint","urlTemplate":"https:\/\/tangramlegal.com\/?s={search_term_string}"},"query-input":{"@type":"PropertyValueSpecification","valueRequired":true,"valueName":"search_term_string"}}],"inLanguage":"en-US"},{"@type":"Organization","@id":"https:\/\/tangramlegal.com\/#organization","name":"Tangram Legal \u2013 Asesor\u00eda legal para emprendedores y start-ups","url":"https:\/\/tangramlegal.com\/","logo":{"@type":"ImageObject","inLanguage":"en-US","@id":"https:\/\/tangramlegal.com\/#\/schema\/logo\/image\/","url":"https:\/\/tangramlegal.com\/wp-content\/uploads\/2024\/02\/logo.png","contentUrl":"https:\/\/tangramlegal.com\/wp-content\/uploads\/2024\/02\/logo.png","width":323,"height":157,"caption":"Tangram Legal \u2013 Asesor\u00eda legal para emprendedores y start-ups"},"image":{"@id":"https:\/\/tangramlegal.com\/#\/schema\/logo\/image\/"},"sameAs":["https:\/\/x.com\/TangramLegal","https:\/\/www.linkedin.com\/company\/tangram-legal\/"]}]}},"_links":{"self":[{"href":"https:\/\/tangramlegal.com\/en\/wp-json\/wp\/v2\/pages\/3454","targetHints":{"allow":["GET"]}}],"collection":[{"href":"https:\/\/tangramlegal.com\/en\/wp-json\/wp\/v2\/pages"}],"about":[{"href":"https:\/\/tangramlegal.com\/en\/wp-json\/wp\/v2\/types\/page"}],"author":[{"embeddable":true,"href":"https:\/\/tangramlegal.com\/en\/wp-json\/wp\/v2\/users\/1"}],"replies":[{"embeddable":true,"href":"https:\/\/tangramlegal.com\/en\/wp-json\/wp\/v2\/comments?post=3454"}],"version-history":[{"count":22,"href":"https:\/\/tangramlegal.com\/en\/wp-json\/wp\/v2\/pages\/3454\/revisions"}],"predecessor-version":[{"id":3744,"href":"https:\/\/tangramlegal.com\/en\/wp-json\/wp\/v2\/pages\/3454\/revisions\/3744"}],"wp:attachment":[{"href":"https:\/\/tangramlegal.com\/en\/wp-json\/wp\/v2\/media?parent=3454"}],"curies":[{"name":"wp","href":"https:\/\/api.w.org\/{rel}","templated":true}]}}