{"id":2407,"date":"2024-02-21T17:59:20","date_gmt":"2024-02-21T16:59:20","guid":{"rendered":"https:\/\/tangramlegal.com\/accessibility\/"},"modified":"2024-03-15T11:44:48","modified_gmt":"2024-03-15T10:44:48","slug":"accessibility","status":"publish","type":"page","link":"https:\/\/tangramlegal.com\/en\/accessibility\/","title":{"rendered":"Accessibility"},"content":{"rendered":"\t\t<div data-elementor-type=\"wp-page\" data-elementor-id=\"2407\" class=\"elementor elementor-2407 elementor-1937\" data-elementor-post-type=\"page\">\n\t\t\t\t\t\t<section class=\"elementor-section elementor-top-section elementor-element elementor-element-3537ef41 elementor-section-boxed elementor-section-height-default elementor-section-height-default sc_fly_static\" data-id=\"3537ef41\" data-element_type=\"section\" data-e-type=\"section\">\n\t\t\t\t\t\t<div class=\"elementor-container elementor-column-gap-extended\">\n\t\t\t\t\t<div class=\"elementor-column elementor-col-100 elementor-top-column elementor-element elementor-element-7ff24368 sc_inner_width_none sc_content_align_inherit sc_layouts_column_icons_position_left sc_fly_static\" data-id=\"7ff24368\" data-element_type=\"column\" data-e-type=\"column\">\n\t\t\t<div class=\"elementor-widget-wrap elementor-element-populated\">\n\t\t\t\t\t\t<div class=\"elementor-element elementor-element-31297d5 sc_fly_static elementor-widget elementor-widget-heading\" data-id=\"31297d5\" data-element_type=\"widget\" data-e-type=\"widget\" data-widget_type=\"heading.default\">\n\t\t\t\t<div class=\"elementor-widget-container\">\n\t\t\t\t\t<h2 class=\"elementor-heading-title elementor-size-default\">Accessibility<\/h2>\t\t\t\t<\/div>\n\t\t\t\t<\/div>\n\t\t\t\t<div class=\"elementor-element elementor-element-dc5d551 sc_fly_static elementor-widget elementor-widget-spacer\" data-id=\"dc5d551\" data-element_type=\"widget\" data-e-type=\"widget\" data-widget_type=\"spacer.default\">\n\t\t\t\t<div class=\"elementor-widget-container\">\n\t\t\t\t\t\t\t<div class=\"elementor-spacer\">\n\t\t\t<div class=\"elementor-spacer-inner\"><\/div>\n\t\t<\/div>\n\t\t\t\t\t\t<\/div>\n\t\t\t\t<\/div>\n\t\t\t\t<div class=\"elementor-element elementor-element-2faaefd elementor-widget__width-initial sc_fly_static elementor-widget elementor-widget-text-editor\" data-id=\"2faaefd\" data-element_type=\"widget\" data-e-type=\"widget\" data-widget_type=\"text-editor.default\">\n\t\t\t\t<div class=\"elementor-widget-container\">\n\t\t\t\t\t\t\t\t\t<p><\/p>\n<div class=\"block block-layout-builder block-field-blocknodepagebody\">\n<div class=\"clearfix text-formatted field field--name-body field--type-text-with-summary field--label-hidden field__item\">\n<p>This accessibility statement applies to the website <a href=\"https:\/\/www.tangramlegal.com\/\">https:\/\/www.tangramlegal.com\/<\/a><\/p>\n<h4>Accessibility policy<\/h4>\n<p>The company <strong>SARA MIRABETE PIZARRO (TANGRAM LEGAL)<\/strong> has committed to making its website accessible in accordance with Royal Decree 1112\/2018, of September 7, on website accessibility and applications for public sector mobile devices, or developments financed from Europe.<\/p>\n<p>This accessibility statement applies to the website <a href=\"https:\/\/www.tangramlegal.com\">https:\/\/www.tangramlegal.com<\/a>\u00a0excluding embedded content from other domains .<\/p>\n<p>Compliance status<\/p>\n<p>This website is Partially compliant with RD 1112\/2018 due to the lack of conformity of the aspects indicated below.<\/p>\n<h3>Content not accessible<\/h3>\n<p>The content collected below is not accessible for the following reasons:<\/p>\n<h4>Lack of conformity:<\/h4>\n<p>There may be some images whose alternative is not implemented or is not correct &#8211; \u2013 Requirement 9.1.1.1 Non-textual content UNE-EN 301549:2022<br \/>In the forms, there may be fields that have not been facilitated to be filled out. through automatic systems \u2013 Requirement 9.1.3.5 Identify the purpose of the entry UNE-EN 301549:2022<br \/>There could be specific editing errors on some web page.<br \/>Disproportionate load: Not applicable.<br \/>The content does not fall within the scope of applicable legislation.<\/p>\n<p>There could be office files in PDF or other formats published before September 20, 2018 that do not fully meet all accessibility requirements.<br \/>There may be third-party content that is not developed in this Unit, nor under its control, such as office files from different organizations that must be published on this site.<\/p>\n<h3>Observations and contact information<\/h3>\n<p>You can make communications about accessibility requirements [article 10.2.a) of RD 1112\/2018] such as, for example:<\/p>\n<p>Report any possible non-compliance on the part of this website.<br \/>Report other difficulties in accessing the content.<br \/>Formulate any other query or suggestion for improvement regarding the accessibility of the website through the following <a href=\"https:\/\/tangramlegal.com\/#contacto\">contact form<\/a> or by calling (+34) 93 626 89 29 from 9 a.m. to 2 p.m., Monday to Friday.<\/p>\n<h4>You can present:<\/h4>\n<p>A complaint regarding compliance with the requirements of RD 1112\/2018<br \/>A request for accessible information regarding:<br \/>Contents that are excluded from the scope of application of RD 1112\/2018 as established by the article 3, section 4.<br \/>Contents that are exempt from compliance with accessibility requirements because they impose a disproportionate burden.<\/p>\n<p>In the request for accessible information, the facts, reasons and request must be clearly specified that allow us to verify that it is a reasonable and legitimate request.<\/p>\n<h3>OPTIONAL CONTENT<\/h3>\n<\/div>\n<\/div>\n<div class=\"block block-layout-builder block-inline-blockbasic\">\n<div class=\"clearfix text-formatted field field--name-body field--type-text-with-summary field--label-hidden field__item\">\n<p>This website is designed to be able to change the text size and color, as well as the background of the page using the standard browser configuration options.<\/p>\n<p>If you want to change the font size of the text in the main graphical browsers, use the following menus:<\/p>\n<ul>\n<li>Internet Explorer, Mozilla and Firefox: See &gt; Text size<\/li>\n<li>Opera: See &gt; Zoom<\/li>\n<li>Safari: View &gt; Make the text bigger<\/li>\n<li>Chrome: Control the current page &gt; Text size<\/li>\n<li>To modify the size of everything on the page:\n<ul>\n<li>Ctrl + + to increase it<\/li>\n<li>Ctrl + &#8211; to decrease it<\/li>\n<li>Ctrl + 0 restores the original size of the text<\/li>\n<\/ul>\n<\/li>\n<\/ul>\n<\/div>\n<\/div>\n<p><\/p>\t\t\t\t\t\t\t\t<\/div>\n\t\t\t\t<\/div>\n\t\t\t\t<div class=\"elementor-element elementor-element-6e554a6 sc_fly_static elementor-widget elementor-widget-text-editor\" data-id=\"6e554a6\" data-element_type=\"widget\" data-e-type=\"widget\" data-widget_type=\"text-editor.default\">\n\t\t\t\t<div class=\"elementor-widget-container\">\n\t\t\t\t\t\t\t\t\t<p>Last review: February 2024<\/p>\t\t\t\t\t\t\t\t<\/div>\n\t\t\t\t<\/div>\n\t\t\t\t\t<\/div>\n\t\t<\/div>\n\t\t\t\t\t<\/div>\n\t\t<\/section>\n\t\t\t\t<section class=\"elementor-section elementor-top-section elementor-element elementor-element-a81d6ed elementor-section-boxed elementor-section-height-default elementor-section-height-default sc_fly_static\" data-id=\"a81d6ed\" data-element_type=\"section\" data-e-type=\"section\">\n\t\t\t\t\t\t<div class=\"elementor-container elementor-column-gap-extended\">\n\t\t\t\t\t<div class=\"elementor-column elementor-col-100 elementor-top-column elementor-element elementor-element-2322095 sc_inner_width_none sc_content_align_inherit sc_layouts_column_icons_position_left sc_fly_static\" data-id=\"2322095\" data-element_type=\"column\" data-e-type=\"column\">\n\t\t\t<div class=\"elementor-widget-wrap\">\n\t\t\t\t\t\t\t<\/div>\n\t\t<\/div>\n\t\t\t\t\t<\/div>\n\t\t<\/section>\n\t\t\t\t<\/div>\n\t\t","protected":false},"excerpt":{"rendered":"<p>Accessibility This accessibility statement applies to the website https:\/\/www.tangramlegal.com\/ Accessibility policy The company SARA MIRABETE PIZARRO (TANGRAM LEGAL) has committed to making its website accessible in accordance with Royal Decree&hellip;<\/p>\n","protected":false},"author":1,"featured_media":0,"parent":0,"menu_order":0,"comment_status":"closed","ping_status":"closed","template":"","meta":{"footnotes":""},"class_list":["post-2407","page","type-page","status-publish","hentry"],"yoast_head":"<!-- This site is optimized with the Yoast SEO plugin v27.4 - https:\/\/yoast.com\/product\/yoast-seo-wordpress\/ -->\n<title>Accessibility - Tangram Legal \u2013 Asesor\u00eda legal para emprendedores y startups<\/title>\n<meta name=\"robots\" content=\"index, follow, max-snippet:-1, max-image-preview:large, max-video-preview:-1\" \/>\n<link rel=\"canonical\" href=\"https:\/\/tangramlegal.com\/en\/accessibility\/\" \/>\n<meta property=\"og:locale\" content=\"en_US\" \/>\n<meta property=\"og:type\" content=\"article\" \/>\n<meta property=\"og:title\" content=\"Accessibility - Tangram Legal \u2013 Asesor\u00eda legal para emprendedores y startups\" \/>\n<meta property=\"og:description\" content=\"Accessibility This accessibility statement applies to the website https:\/\/www.tangramlegal.com\/ Accessibility policy The company SARA MIRABETE PIZARRO (TANGRAM LEGAL) has committed to making its website accessible in accordance with Royal Decree&hellip;\" \/>\n<meta property=\"og:url\" content=\"https:\/\/tangramlegal.com\/en\/accessibility\/\" \/>\n<meta property=\"og:site_name\" content=\"Tangram Legal \u2013 Asesor\u00eda legal para emprendedores y startups\" \/>\n<meta property=\"article:modified_time\" content=\"2024-03-15T10:44:48+00:00\" \/>\n<meta property=\"og:image\" content=\"https:\/\/tangramlegal.com\/wp-content\/uploads\/2024\/02\/logo.png\" \/>\n\t<meta property=\"og:image:width\" content=\"323\" \/>\n\t<meta property=\"og:image:height\" content=\"157\" \/>\n\t<meta property=\"og:image:type\" content=\"image\/png\" \/>\n<meta name=\"twitter:card\" content=\"summary_large_image\" \/>\n<meta name=\"twitter:site\" content=\"@TangramLegal\" \/>\n<meta name=\"twitter:label1\" content=\"Est. reading time\" \/>\n\t<meta name=\"twitter:data1\" content=\"2 minutes\" \/>\n<script type=\"application\/ld+json\" class=\"yoast-schema-graph\">{\"@context\":\"https:\\\/\\\/schema.org\",\"@graph\":[{\"@type\":\"WebPage\",\"@id\":\"https:\\\/\\\/tangramlegal.com\\\/en\\\/accessibility\\\/\",\"url\":\"https:\\\/\\\/tangramlegal.com\\\/en\\\/accessibility\\\/\",\"name\":\"Accessibility - Tangram Legal \u2013 Asesor\u00eda legal para emprendedores y startups\",\"isPartOf\":{\"@id\":\"https:\\\/\\\/tangramlegal.com\\\/#website\"},\"datePublished\":\"2024-02-21T16:59:20+00:00\",\"dateModified\":\"2024-03-15T10:44:48+00:00\",\"breadcrumb\":{\"@id\":\"https:\\\/\\\/tangramlegal.com\\\/en\\\/accessibility\\\/#breadcrumb\"},\"inLanguage\":\"en-US\",\"potentialAction\":[{\"@type\":\"ReadAction\",\"target\":[\"https:\\\/\\\/tangramlegal.com\\\/en\\\/accessibility\\\/\"]}]},{\"@type\":\"BreadcrumbList\",\"@id\":\"https:\\\/\\\/tangramlegal.com\\\/en\\\/accessibility\\\/#breadcrumb\",\"itemListElement\":[{\"@type\":\"ListItem\",\"position\":1,\"name\":\"Portada\",\"item\":\"https:\\\/\\\/tangramlegal.com\\\/en\\\/\"},{\"@type\":\"ListItem\",\"position\":2,\"name\":\"Accessibility\"}]},{\"@type\":\"WebSite\",\"@id\":\"https:\\\/\\\/tangramlegal.com\\\/#website\",\"url\":\"https:\\\/\\\/tangramlegal.com\\\/\",\"name\":\"Tangram Legal \u2013 Asesor\u00eda legal, abogados para emprendedores y startups\",\"description\":\"Asesor\u00eda legal especializada en emprendedores y startups. Nos encargamos de tus necesidades jur\u00eddicas.\",\"publisher\":{\"@id\":\"https:\\\/\\\/tangramlegal.com\\\/#organization\"},\"alternateName\":\"Abogados para Startups\",\"potentialAction\":[{\"@type\":\"SearchAction\",\"target\":{\"@type\":\"EntryPoint\",\"urlTemplate\":\"https:\\\/\\\/tangramlegal.com\\\/?s={search_term_string}\"},\"query-input\":{\"@type\":\"PropertyValueSpecification\",\"valueRequired\":true,\"valueName\":\"search_term_string\"}}],\"inLanguage\":\"en-US\"},{\"@type\":\"Organization\",\"@id\":\"https:\\\/\\\/tangramlegal.com\\\/#organization\",\"name\":\"Tangram Legal \u2013 Asesor\u00eda legal para emprendedores y start-ups\",\"url\":\"https:\\\/\\\/tangramlegal.com\\\/\",\"logo\":{\"@type\":\"ImageObject\",\"inLanguage\":\"en-US\",\"@id\":\"https:\\\/\\\/tangramlegal.com\\\/#\\\/schema\\\/logo\\\/image\\\/\",\"url\":\"https:\\\/\\\/tangramlegal.com\\\/wp-content\\\/uploads\\\/2024\\\/02\\\/logo.png\",\"contentUrl\":\"https:\\\/\\\/tangramlegal.com\\\/wp-content\\\/uploads\\\/2024\\\/02\\\/logo.png\",\"width\":323,\"height\":157,\"caption\":\"Tangram Legal \u2013 Asesor\u00eda legal para emprendedores y start-ups\"},\"image\":{\"@id\":\"https:\\\/\\\/tangramlegal.com\\\/#\\\/schema\\\/logo\\\/image\\\/\"},\"sameAs\":[\"https:\\\/\\\/x.com\\\/TangramLegal\",\"https:\\\/\\\/www.linkedin.com\\\/company\\\/tangram-legal\\\/\"]}]}<\/script>\n<!-- \/ Yoast SEO plugin. -->","yoast_head_json":{"title":"Accessibility - Tangram Legal \u2013 Asesor\u00eda legal para emprendedores y startups","robots":{"index":"index","follow":"follow","max-snippet":"max-snippet:-1","max-image-preview":"max-image-preview:large","max-video-preview":"max-video-preview:-1"},"canonical":"https:\/\/tangramlegal.com\/en\/accessibility\/","og_locale":"en_US","og_type":"article","og_title":"Accessibility - Tangram Legal \u2013 Asesor\u00eda legal para emprendedores y startups","og_description":"Accessibility This accessibility statement applies to the website https:\/\/www.tangramlegal.com\/ Accessibility policy The company SARA MIRABETE PIZARRO (TANGRAM LEGAL) has committed to making its website accessible in accordance with Royal Decree&hellip;","og_url":"https:\/\/tangramlegal.com\/en\/accessibility\/","og_site_name":"Tangram Legal \u2013 Asesor\u00eda legal para emprendedores y startups","article_modified_time":"2024-03-15T10:44:48+00:00","og_image":[{"width":323,"height":157,"url":"https:\/\/tangramlegal.com\/wp-content\/uploads\/2024\/02\/logo.png","type":"image\/png"}],"twitter_card":"summary_large_image","twitter_site":"@TangramLegal","twitter_misc":{"Est. reading time":"2 minutes"},"schema":{"@context":"https:\/\/schema.org","@graph":[{"@type":"WebPage","@id":"https:\/\/tangramlegal.com\/en\/accessibility\/","url":"https:\/\/tangramlegal.com\/en\/accessibility\/","name":"Accessibility - Tangram Legal \u2013 Asesor\u00eda legal para emprendedores y startups","isPartOf":{"@id":"https:\/\/tangramlegal.com\/#website"},"datePublished":"2024-02-21T16:59:20+00:00","dateModified":"2024-03-15T10:44:48+00:00","breadcrumb":{"@id":"https:\/\/tangramlegal.com\/en\/accessibility\/#breadcrumb"},"inLanguage":"en-US","potentialAction":[{"@type":"ReadAction","target":["https:\/\/tangramlegal.com\/en\/accessibility\/"]}]},{"@type":"BreadcrumbList","@id":"https:\/\/tangramlegal.com\/en\/accessibility\/#breadcrumb","itemListElement":[{"@type":"ListItem","position":1,"name":"Portada","item":"https:\/\/tangramlegal.com\/en\/"},{"@type":"ListItem","position":2,"name":"Accessibility"}]},{"@type":"WebSite","@id":"https:\/\/tangramlegal.com\/#website","url":"https:\/\/tangramlegal.com\/","name":"Tangram Legal \u2013 Asesor\u00eda legal, abogados para emprendedores y startups","description":"Asesor\u00eda legal especializada en emprendedores y startups. Nos encargamos de tus necesidades jur\u00eddicas.","publisher":{"@id":"https:\/\/tangramlegal.com\/#organization"},"alternateName":"Abogados para Startups","potentialAction":[{"@type":"SearchAction","target":{"@type":"EntryPoint","urlTemplate":"https:\/\/tangramlegal.com\/?s={search_term_string}"},"query-input":{"@type":"PropertyValueSpecification","valueRequired":true,"valueName":"search_term_string"}}],"inLanguage":"en-US"},{"@type":"Organization","@id":"https:\/\/tangramlegal.com\/#organization","name":"Tangram Legal \u2013 Asesor\u00eda legal para emprendedores y start-ups","url":"https:\/\/tangramlegal.com\/","logo":{"@type":"ImageObject","inLanguage":"en-US","@id":"https:\/\/tangramlegal.com\/#\/schema\/logo\/image\/","url":"https:\/\/tangramlegal.com\/wp-content\/uploads\/2024\/02\/logo.png","contentUrl":"https:\/\/tangramlegal.com\/wp-content\/uploads\/2024\/02\/logo.png","width":323,"height":157,"caption":"Tangram Legal \u2013 Asesor\u00eda legal para emprendedores y start-ups"},"image":{"@id":"https:\/\/tangramlegal.com\/#\/schema\/logo\/image\/"},"sameAs":["https:\/\/x.com\/TangramLegal","https:\/\/www.linkedin.com\/company\/tangram-legal\/"]}]}},"_links":{"self":[{"href":"https:\/\/tangramlegal.com\/en\/wp-json\/wp\/v2\/pages\/2407","targetHints":{"allow":["GET"]}}],"collection":[{"href":"https:\/\/tangramlegal.com\/en\/wp-json\/wp\/v2\/pages"}],"about":[{"href":"https:\/\/tangramlegal.com\/en\/wp-json\/wp\/v2\/types\/page"}],"author":[{"embeddable":true,"href":"https:\/\/tangramlegal.com\/en\/wp-json\/wp\/v2\/users\/1"}],"replies":[{"embeddable":true,"href":"https:\/\/tangramlegal.com\/en\/wp-json\/wp\/v2\/comments?post=2407"}],"version-history":[{"count":13,"href":"https:\/\/tangramlegal.com\/en\/wp-json\/wp\/v2\/pages\/2407\/revisions"}],"predecessor-version":[{"id":3754,"href":"https:\/\/tangramlegal.com\/en\/wp-json\/wp\/v2\/pages\/2407\/revisions\/3754"}],"wp:attachment":[{"href":"https:\/\/tangramlegal.com\/en\/wp-json\/wp\/v2\/media?parent=2407"}],"curies":[{"name":"wp","href":"https:\/\/api.w.org\/{rel}","templated":true}]}}