{"id":2406,"date":"2024-02-21T17:59:20","date_gmt":"2024-02-21T16:59:20","guid":{"rendered":"https:\/\/tangramlegal.com\/accessibilitat\/"},"modified":"2024-03-15T12:18:14","modified_gmt":"2024-03-15T11:18:14","slug":"accessibilitat","status":"publish","type":"page","link":"https:\/\/tangramlegal.com\/ca\/accessibilitat\/","title":{"rendered":"Accessibilitat"},"content":{"rendered":"\t\t<div data-elementor-type=\"wp-page\" data-elementor-id=\"2406\" class=\"elementor elementor-2406 elementor-1937\" data-elementor-post-type=\"page\">\n\t\t\t\t\t\t<section class=\"elementor-section elementor-top-section elementor-element elementor-element-3537ef41 elementor-section-boxed elementor-section-height-default elementor-section-height-default sc_fly_static\" data-id=\"3537ef41\" data-element_type=\"section\" data-e-type=\"section\">\n\t\t\t\t\t\t<div class=\"elementor-container elementor-column-gap-extended\">\n\t\t\t\t\t<div class=\"elementor-column elementor-col-100 elementor-top-column elementor-element elementor-element-7ff24368 sc_inner_width_none sc_content_align_inherit sc_layouts_column_icons_position_left sc_fly_static\" data-id=\"7ff24368\" data-element_type=\"column\" data-e-type=\"column\">\n\t\t\t<div class=\"elementor-widget-wrap elementor-element-populated\">\n\t\t\t\t\t\t<div class=\"elementor-element elementor-element-31297d5 sc_fly_static elementor-widget elementor-widget-heading\" data-id=\"31297d5\" data-element_type=\"widget\" data-e-type=\"widget\" data-widget_type=\"heading.default\">\n\t\t\t\t<div class=\"elementor-widget-container\">\n\t\t\t\t\t<h2 class=\"elementor-heading-title elementor-size-default\">Declaraci\u00f3 d'accessibilitat<\/h2>\t\t\t\t<\/div>\n\t\t\t\t<\/div>\n\t\t\t\t<div class=\"elementor-element elementor-element-dc5d551 sc_fly_static elementor-widget elementor-widget-spacer\" data-id=\"dc5d551\" data-element_type=\"widget\" data-e-type=\"widget\" data-widget_type=\"spacer.default\">\n\t\t\t\t<div class=\"elementor-widget-container\">\n\t\t\t\t\t\t\t<div class=\"elementor-spacer\">\n\t\t\t<div class=\"elementor-spacer-inner\"><\/div>\n\t\t<\/div>\n\t\t\t\t\t\t<\/div>\n\t\t\t\t<\/div>\n\t\t\t\t<div class=\"elementor-element elementor-element-2faaefd elementor-widget__width-initial sc_fly_static elementor-widget elementor-widget-text-editor\" data-id=\"2faaefd\" data-element_type=\"widget\" data-e-type=\"widget\" data-widget_type=\"text-editor.default\">\n\t\t\t\t<div class=\"elementor-widget-container\">\n\t\t\t\t\t\t\t\t\t<p><\/p>\n<div class=\"block block-layout-builder block-field-blocknodepagebody\">\n<div class=\"clearfix text-formatted field field--name-body field--type-text-with-summary field--label-hidden field__item\">\n<p>Aquesta declaraci\u00f3 d&#8217;accessibilitat s&#8217;aplica al lloc web <a href=\"https:\/\/www.tangramlegal.com\/\">https:\/\/www.tangramlegal.com\/<\/a><\/p>\n<h4>Pol\u00edtica d&#8217;accessibilitat<\/h4>\n<p>L&#8217;empresa <strong>SARA MIRABETE PIZARRO (TANGRAM LEGAL)<\/strong> s&#8217;ha comprom\u00e8s a fer accessible el vostre lloc web de conformitat amb el Reial Decret 1112\/2018, de 7 de setembre, sobre accessibilitat dels llocs web i aplicacions per a dispositius m\u00f2bils del sector p\u00fablic, o desenvolupaments finan\u00e7ats des d&#8217;Europa.<\/p>\n<p>Aquesta declaraci\u00f3 d&#8217;accessibilitat s&#8217;aplica al lloc web <a href=\"https:\/\/www.tangramlegal.com\">https:\/\/www.tangramlegal.com<\/a>\u00a0excloent-ne els continguts incrustats provinents d&#8217;altres dominis.<\/p>\n<p>Situaci\u00f3 de compliment<\/p>\n<p>Aquest lloc web \u00e9s parcialment conforme amb el RD 1112\/2018 a causa de la manca de conformitat dels aspectes que s&#8217;indiquen a continuaci\u00f3.<\/p>\n<h3>Contingut no accessible<\/h3>\n<p>El contingut que es recull a continuaci\u00f3 no \u00e9s accessible pels motius seg\u00fcents:<\/p>\n<h4>Manca de conformitat:<\/h4>\n<p>Poden existir algunes imatges l&#8217;alternativa de les quals no estigui implementada o no sigui correcta &#8211; \u2013 Requisit 9.1.1.1 Contingut no textual UNE-EN 301549:2022<br \/>Als formularis, hi pot haver camps que no s&#8217;hagin facilitat l&#8217;emplenament a trav\u00e9s de sistemes autom\u00e0tics \u2013 Requisit 9.1.3.5 Identificar el prop\u00f2sit de l&#8217;entrada UNE-EN 301549:2022<br \/>Podrien haver-hi errors puntuals d&#8217;edici\u00f3 en alguna p\u00e0gina web.<br \/>C\u00e0rrega desproporcionada: No \u00e9s aplicable.<br \/>El contingut no entra dins l\u00e0mbit de la legislaci\u00f3 aplicable.<\/p>\n<p>Podrien existir fitxers ofim\u00e0tics en PDF o altres formats publicats abans del 20 de setembre de 2018 que no compleixin \u00edntegrament tots els requisits d&#8217;accessibilitat.<br \/>Hi pot haver continguts de tercers que no estiguin desenvolupats en aquesta Unitat, ni sota el seu control, com a fitxers ofim\u00e0tics de diferents organismes que s&#8217;hagin de publicar en aquest lloc.<\/p>\n<h3>Observacions i dades de contacte<\/h3>\n<p>Podeu realitzar comunicacions sobre requisits d&#8217;accessibilitat [article 10.2.a) del RD 1112\/2018 com, per exemple:<\/p>\n<p>Informar sobre qualsevol possible incompliment per part daquest lloc web.<br \/>Transmetre altres dificultats d&#8217;acc\u00e9s al contingut.<br \/>Formular qualsevol altra consulta o suggeriment de millora relativa a l&#8217;accessibilitat del lloc web a trav\u00e9s del seg\u00fcent <a href=\"https:\/\/tangramlegal.com\/#contacte\">formulari de contacte<\/a> o trucant al tel\u00e8fon (+34) 93 626 89 29 de 9 a 14 hores de dilluns a divendres.<\/p>\n<h4>Pot presentar:<\/h4>\n<p>Una queixa relativa al compliment dels requisits del RD 1112\/2018<br \/>Una sol\u00b7licitud d&#8217;informaci\u00f3 accessible relativa a:<br \/>Continguts que estan exclosos de l&#8217;\u00e0mbit d&#8217;aplicaci\u00f3 del RD 1112\/2018 segons el que estableix l&#8217;article 3, apartat 4.<br \/>Continguts que estan exempts del compliment dels requisits d&#8217;accessibilitat per imposar una c\u00e0rrega desproporcionada.<\/p>\n<p>A la sol\u00b7licitud d&#8217;informaci\u00f3 accessible, cal concretar, amb tota claredat, els fets, les raons i la petici\u00f3 que permetin constatar que es tracta d&#8217;una sol\u00b7licitud raonable i leg\u00edtima.<\/p>\n<h3>CONTINGUT OPCIONAL<\/h3>\n<\/div>\n<\/div>\n<div class=\"block block-layout-builder block-inline-blockbasic\">\n<div class=\"clearfix text-formatted field field--name-body field--type-text-with-summary field--label-hidden field__item\">\n<p>Aquest web est\u00e0 dissenyat per poder canviar la mida del text i el color, aix\u00ed com el fons de la p\u00e0gina mitjan\u00e7ant les opcions de configuraci\u00f3 est\u00e0ndard dels navegadors.<\/p>\n<p>Si voleu canviar la mida de lletra del text als principals navegadors gr\u00e0fics utilitzeu els men\u00fas seg\u00fcents:<\/p>\n<ul>\n<li>Internet Explorer, Mozilla y Firefox: Veure > Mida del text<\/li>\n<li>Opera: Veure > Zoom<\/li>\n<li>Safari: Veure > Fer el text m\u00e9s gran\/li>\n<li>Chrome: Controla la p\u00e0gina actual > Mida del text<\/li>\n<li>Per modificar la mida de tot a la p\u00e0gina:\n<ul>\n<li>Ctrl + + per augmentar-ho<\/li>\n<li>Ctrl + &#8211; per disminuir-ho<\/li>\n<li>Ctrl + 0 restaura la mida original del text<\/li>\n<\/ul>\n<\/li>\n<\/ul>\n<\/div>\n<\/div>\n<p><\/p>\t\t\t\t\t\t\t\t<\/div>\n\t\t\t\t<\/div>\n\t\t\t\t<div class=\"elementor-element elementor-element-6e554a6 sc_fly_static elementor-widget elementor-widget-text-editor\" data-id=\"6e554a6\" data-element_type=\"widget\" data-e-type=\"widget\" data-widget_type=\"text-editor.default\">\n\t\t\t\t<div class=\"elementor-widget-container\">\n\t\t\t\t\t\t\t\t\t<p><em>\u00daltima revisi\u00f3: Febrer 2024<\/em><\/p>\n\t\t\t\t\t\t\t\t<\/div>\n\t\t\t\t<\/div>\n\t\t\t\t\t<\/div>\n\t\t<\/div>\n\t\t\t\t\t<\/div>\n\t\t<\/section>\n\t\t\t\t<section class=\"elementor-section elementor-top-section elementor-element elementor-element-a81d6ed elementor-section-boxed elementor-section-height-default elementor-section-height-default sc_fly_static\" data-id=\"a81d6ed\" data-element_type=\"section\" data-e-type=\"section\">\n\t\t\t\t\t\t<div class=\"elementor-container elementor-column-gap-extended\">\n\t\t\t\t\t<div class=\"elementor-column elementor-col-100 elementor-top-column elementor-element elementor-element-2322095 sc_inner_width_none sc_content_align_inherit sc_layouts_column_icons_position_left sc_fly_static\" data-id=\"2322095\" data-element_type=\"column\" data-e-type=\"column\">\n\t\t\t<div class=\"elementor-widget-wrap\">\n\t\t\t\t\t\t\t<\/div>\n\t\t<\/div>\n\t\t\t\t\t<\/div>\n\t\t<\/section>\n\t\t\t\t<\/div>\n\t\t","protected":false},"excerpt":{"rendered":"<p>Declaraci\u00f3 d&#8217;accessibilitat Aquesta declaraci\u00f3 d&#8217;accessibilitat s&#8217;aplica al lloc web https:\/\/www.tangramlegal.com\/ Pol\u00edtica d&#8217;accessibilitat L&#8217;empresa SARA MIRABETE PIZARRO (TANGRAM LEGAL) s&#8217;ha comprom\u00e8s a fer accessible el vostre lloc web de conformitat amb&hellip;<\/p>\n","protected":false},"author":1,"featured_media":0,"parent":0,"menu_order":0,"comment_status":"closed","ping_status":"closed","template":"","meta":{"footnotes":""},"class_list":["post-2406","page","type-page","status-publish","hentry"],"yoast_head":"<!-- This site is optimized with the Yoast SEO plugin v27.4 - https:\/\/yoast.com\/product\/yoast-seo-wordpress\/ -->\n<title>Accessibilitat - Tangram Legal \u2013 Asesor\u00eda legal para emprendedores y startups<\/title>\n<meta name=\"robots\" content=\"index, follow, max-snippet:-1, max-image-preview:large, max-video-preview:-1\" \/>\n<link rel=\"canonical\" href=\"https:\/\/tangramlegal.com\/ca\/accessibilitat\/\" \/>\n<meta property=\"og:locale\" content=\"ca_ES\" \/>\n<meta property=\"og:type\" content=\"article\" \/>\n<meta property=\"og:title\" content=\"Accessibilitat - Tangram Legal \u2013 Asesor\u00eda legal para emprendedores y startups\" \/>\n<meta property=\"og:description\" content=\"Declaraci\u00f3 d&#8217;accessibilitat Aquesta declaraci\u00f3 d&#8217;accessibilitat s&#8217;aplica al lloc web https:\/\/www.tangramlegal.com\/ Pol\u00edtica d&#8217;accessibilitat L&#8217;empresa SARA MIRABETE PIZARRO (TANGRAM LEGAL) s&#8217;ha comprom\u00e8s a fer accessible el vostre lloc web de conformitat amb&hellip;\" \/>\n<meta property=\"og:url\" content=\"https:\/\/tangramlegal.com\/ca\/accessibilitat\/\" \/>\n<meta property=\"og:site_name\" content=\"Tangram Legal \u2013 Asesor\u00eda legal para emprendedores y startups\" \/>\n<meta property=\"article:modified_time\" content=\"2024-03-15T11:18:14+00:00\" \/>\n<meta property=\"og:image\" content=\"https:\/\/tangramlegal.com\/wp-content\/uploads\/2024\/02\/logo.png\" \/>\n\t<meta property=\"og:image:width\" content=\"323\" \/>\n\t<meta property=\"og:image:height\" content=\"157\" \/>\n\t<meta property=\"og:image:type\" content=\"image\/png\" \/>\n<meta name=\"twitter:card\" content=\"summary_large_image\" \/>\n<meta name=\"twitter:site\" content=\"@TangramLegal\" \/>\n<meta name=\"twitter:label1\" content=\"Temps estimat de lectura\" \/>\n\t<meta name=\"twitter:data1\" content=\"3 minuts\" \/>\n<script type=\"application\/ld+json\" class=\"yoast-schema-graph\">{\"@context\":\"https:\\\/\\\/schema.org\",\"@graph\":[{\"@type\":\"WebPage\",\"@id\":\"https:\\\/\\\/tangramlegal.com\\\/ca\\\/accessibilitat\\\/\",\"url\":\"https:\\\/\\\/tangramlegal.com\\\/ca\\\/accessibilitat\\\/\",\"name\":\"Accessibilitat - Tangram Legal \u2013 Asesor\u00eda legal para emprendedores y startups\",\"isPartOf\":{\"@id\":\"https:\\\/\\\/tangramlegal.com\\\/#website\"},\"datePublished\":\"2024-02-21T16:59:20+00:00\",\"dateModified\":\"2024-03-15T11:18:14+00:00\",\"breadcrumb\":{\"@id\":\"https:\\\/\\\/tangramlegal.com\\\/ca\\\/accessibilitat\\\/#breadcrumb\"},\"inLanguage\":\"ca\",\"potentialAction\":[{\"@type\":\"ReadAction\",\"target\":[\"https:\\\/\\\/tangramlegal.com\\\/ca\\\/accessibilitat\\\/\"]}]},{\"@type\":\"BreadcrumbList\",\"@id\":\"https:\\\/\\\/tangramlegal.com\\\/ca\\\/accessibilitat\\\/#breadcrumb\",\"itemListElement\":[{\"@type\":\"ListItem\",\"position\":1,\"name\":\"Portada\",\"item\":\"https:\\\/\\\/tangramlegal.com\\\/\"},{\"@type\":\"ListItem\",\"position\":2,\"name\":\"Accessibilitat\"}]},{\"@type\":\"WebSite\",\"@id\":\"https:\\\/\\\/tangramlegal.com\\\/#website\",\"url\":\"https:\\\/\\\/tangramlegal.com\\\/\",\"name\":\"Tangram Legal \u2013 Asesor\u00eda legal, abogados para emprendedores y startups\",\"description\":\"Asesor\u00eda legal especializada en emprendedores y startups. Nos encargamos de tus necesidades jur\u00eddicas.\",\"publisher\":{\"@id\":\"https:\\\/\\\/tangramlegal.com\\\/#organization\"},\"alternateName\":\"Abogados para Startups\",\"potentialAction\":[{\"@type\":\"SearchAction\",\"target\":{\"@type\":\"EntryPoint\",\"urlTemplate\":\"https:\\\/\\\/tangramlegal.com\\\/?s={search_term_string}\"},\"query-input\":{\"@type\":\"PropertyValueSpecification\",\"valueRequired\":true,\"valueName\":\"search_term_string\"}}],\"inLanguage\":\"ca\"},{\"@type\":\"Organization\",\"@id\":\"https:\\\/\\\/tangramlegal.com\\\/#organization\",\"name\":\"Tangram Legal \u2013 Asesor\u00eda legal para emprendedores y start-ups\",\"url\":\"https:\\\/\\\/tangramlegal.com\\\/\",\"logo\":{\"@type\":\"ImageObject\",\"inLanguage\":\"ca\",\"@id\":\"https:\\\/\\\/tangramlegal.com\\\/#\\\/schema\\\/logo\\\/image\\\/\",\"url\":\"https:\\\/\\\/tangramlegal.com\\\/wp-content\\\/uploads\\\/2024\\\/02\\\/logo.png\",\"contentUrl\":\"https:\\\/\\\/tangramlegal.com\\\/wp-content\\\/uploads\\\/2024\\\/02\\\/logo.png\",\"width\":323,\"height\":157,\"caption\":\"Tangram Legal \u2013 Asesor\u00eda legal para emprendedores y start-ups\"},\"image\":{\"@id\":\"https:\\\/\\\/tangramlegal.com\\\/#\\\/schema\\\/logo\\\/image\\\/\"},\"sameAs\":[\"https:\\\/\\\/x.com\\\/TangramLegal\",\"https:\\\/\\\/www.linkedin.com\\\/company\\\/tangram-legal\\\/\"]}]}<\/script>\n<!-- \/ Yoast SEO plugin. -->","yoast_head_json":{"title":"Accessibilitat - Tangram Legal \u2013 Asesor\u00eda legal para emprendedores y startups","robots":{"index":"index","follow":"follow","max-snippet":"max-snippet:-1","max-image-preview":"max-image-preview:large","max-video-preview":"max-video-preview:-1"},"canonical":"https:\/\/tangramlegal.com\/ca\/accessibilitat\/","og_locale":"ca_ES","og_type":"article","og_title":"Accessibilitat - Tangram Legal \u2013 Asesor\u00eda legal para emprendedores y startups","og_description":"Declaraci\u00f3 d&#8217;accessibilitat Aquesta declaraci\u00f3 d&#8217;accessibilitat s&#8217;aplica al lloc web https:\/\/www.tangramlegal.com\/ Pol\u00edtica d&#8217;accessibilitat L&#8217;empresa SARA MIRABETE PIZARRO (TANGRAM LEGAL) s&#8217;ha comprom\u00e8s a fer accessible el vostre lloc web de conformitat amb&hellip;","og_url":"https:\/\/tangramlegal.com\/ca\/accessibilitat\/","og_site_name":"Tangram Legal \u2013 Asesor\u00eda legal para emprendedores y startups","article_modified_time":"2024-03-15T11:18:14+00:00","og_image":[{"width":323,"height":157,"url":"https:\/\/tangramlegal.com\/wp-content\/uploads\/2024\/02\/logo.png","type":"image\/png"}],"twitter_card":"summary_large_image","twitter_site":"@TangramLegal","twitter_misc":{"Temps estimat de lectura":"3 minuts"},"schema":{"@context":"https:\/\/schema.org","@graph":[{"@type":"WebPage","@id":"https:\/\/tangramlegal.com\/ca\/accessibilitat\/","url":"https:\/\/tangramlegal.com\/ca\/accessibilitat\/","name":"Accessibilitat - Tangram Legal \u2013 Asesor\u00eda legal para emprendedores y startups","isPartOf":{"@id":"https:\/\/tangramlegal.com\/#website"},"datePublished":"2024-02-21T16:59:20+00:00","dateModified":"2024-03-15T11:18:14+00:00","breadcrumb":{"@id":"https:\/\/tangramlegal.com\/ca\/accessibilitat\/#breadcrumb"},"inLanguage":"ca","potentialAction":[{"@type":"ReadAction","target":["https:\/\/tangramlegal.com\/ca\/accessibilitat\/"]}]},{"@type":"BreadcrumbList","@id":"https:\/\/tangramlegal.com\/ca\/accessibilitat\/#breadcrumb","itemListElement":[{"@type":"ListItem","position":1,"name":"Portada","item":"https:\/\/tangramlegal.com\/"},{"@type":"ListItem","position":2,"name":"Accessibilitat"}]},{"@type":"WebSite","@id":"https:\/\/tangramlegal.com\/#website","url":"https:\/\/tangramlegal.com\/","name":"Tangram Legal \u2013 Asesor\u00eda legal, abogados para emprendedores y startups","description":"Asesor\u00eda legal especializada en emprendedores y startups. Nos encargamos de tus necesidades jur\u00eddicas.","publisher":{"@id":"https:\/\/tangramlegal.com\/#organization"},"alternateName":"Abogados para Startups","potentialAction":[{"@type":"SearchAction","target":{"@type":"EntryPoint","urlTemplate":"https:\/\/tangramlegal.com\/?s={search_term_string}"},"query-input":{"@type":"PropertyValueSpecification","valueRequired":true,"valueName":"search_term_string"}}],"inLanguage":"ca"},{"@type":"Organization","@id":"https:\/\/tangramlegal.com\/#organization","name":"Tangram Legal \u2013 Asesor\u00eda legal para emprendedores y start-ups","url":"https:\/\/tangramlegal.com\/","logo":{"@type":"ImageObject","inLanguage":"ca","@id":"https:\/\/tangramlegal.com\/#\/schema\/logo\/image\/","url":"https:\/\/tangramlegal.com\/wp-content\/uploads\/2024\/02\/logo.png","contentUrl":"https:\/\/tangramlegal.com\/wp-content\/uploads\/2024\/02\/logo.png","width":323,"height":157,"caption":"Tangram Legal \u2013 Asesor\u00eda legal para emprendedores y start-ups"},"image":{"@id":"https:\/\/tangramlegal.com\/#\/schema\/logo\/image\/"},"sameAs":["https:\/\/x.com\/TangramLegal","https:\/\/www.linkedin.com\/company\/tangram-legal\/"]}]}},"_links":{"self":[{"href":"https:\/\/tangramlegal.com\/ca\/wp-json\/wp\/v2\/pages\/2406","targetHints":{"allow":["GET"]}}],"collection":[{"href":"https:\/\/tangramlegal.com\/ca\/wp-json\/wp\/v2\/pages"}],"about":[{"href":"https:\/\/tangramlegal.com\/ca\/wp-json\/wp\/v2\/types\/page"}],"author":[{"embeddable":true,"href":"https:\/\/tangramlegal.com\/ca\/wp-json\/wp\/v2\/users\/1"}],"replies":[{"embeddable":true,"href":"https:\/\/tangramlegal.com\/ca\/wp-json\/wp\/v2\/comments?post=2406"}],"version-history":[{"count":25,"href":"https:\/\/tangramlegal.com\/ca\/wp-json\/wp\/v2\/pages\/2406\/revisions"}],"predecessor-version":[{"id":3808,"href":"https:\/\/tangramlegal.com\/ca\/wp-json\/wp\/v2\/pages\/2406\/revisions\/3808"}],"wp:attachment":[{"href":"https:\/\/tangramlegal.com\/ca\/wp-json\/wp\/v2\/media?parent=2406"}],"curies":[{"name":"wp","href":"https:\/\/api.w.org\/{rel}","templated":true}]}}